{"id":1680,"date":"2023-07-07T13:53:04","date_gmt":"2023-07-07T13:53:04","guid":{"rendered":"https:\/\/wp.2digital.si\/potocnik\/domaca-stran\/"},"modified":"2026-01-08T14:42:52","modified_gmt":"2026-01-08T14:42:52","slug":"domaca-stran","status":"publish","type":"page","link":"https:\/\/pohistvopotocnik.si\/de\/","title":{"rendered":"Doma\u010da stran"},"content":{"rendered":"<p><div class=\"fusion-fullwidth fullwidth-box fusion-builder-row-1 fusion-flex-container video-background has-pattern-background has-mask-background nonhundred-percent-fullwidth hundred-percent-height hundred-percent-height-center-content non-hundred-percent-height-scrolling\" style=\"--awb-border-radius-top-left:0px;--awb-border-radius-top-right:0px;--awb-border-radius-bottom-right:0px;--awb-border-radius-bottom-left:0px;--awb-padding-top:0px;--awb-padding-right:0px;--awb-padding-bottom:0px;--awb-padding-left:0px;--awb-padding-top-small:162px;--awb-padding-bottom-small:103px;--awb-margin-top:-51px;--awb-margin-bottom:0px;--awb-margin-top-small:55px;--awb-background-color:rgba(0,0,0,0);--awb-flex-wrap:wrap;\" ><div class=\"fullwidth-video\"><video preload=\"auto\" autoplay playsinline loop muted><source src=\"https:\/\/pohistvopotocnik.si\/wp-content\/uploads\/2025\/03\/Pohistvo_Potocnik_1920x1080_50fps_Lokacija_III_3.mp4\" type=\"video\/mp4\"><\/video><\/div><div class=\"fullwidth-overlay\" style=\"background-color:rgba(0,0,0,0);\"><\/div><div class=\"fusion-builder-row fusion-row fusion-flex-align-items-flex-start fusion-flex-align-content-center fusion-flex-content-wrap\" style=\"max-width:1248px;margin-left: calc(-4% \/ 2 );margin-right: calc(-4% \/ 2 );\"><div class=\"fusion-layout-column fusion_builder_column fusion-builder-column-0 fusion_builder_column_1_1 1_1 fusion-flex-column fusion-flex-align-self-stretch fusion-animated\" style=\"--awb-bg-size:cover;--awb-width-large:100%;--awb-margin-top-large:0px;--awb-spacing-right-large:1.92%;--awb-margin-bottom-large:0px;--awb-spacing-left-large:1.92%;--awb-width-medium:100%;--awb-order-medium:0;--awb-spacing-right-medium:1.92%;--awb-spacing-left-medium:1.92%;--awb-width-small:100%;--awb-order-small:0;--awb-spacing-right-small:1.92%;--awb-spacing-left-small:1.92%;\" data-animationType=\"fadeInUp\" data-animationDuration=\"1.3\" data-animationOffset=\"top-into-view\"><div class=\"fusion-column-wrapper fusion-column-has-shadow fusion-flex-justify-content-flex-start fusion-content-layout-column\"><\/div><\/div><\/div><\/div><div class=\"fusion-fullwidth fullwidth-box fusion-builder-row-2 fusion-flex-container has-pattern-background has-mask-background hundred-percent-fullwidth non-hundred-percent-height-scrolling fusion-animated\" style=\"--awb-border-radius-top-left:0px;--awb-border-radius-top-right:0px;--awb-border-radius-bottom-right:0px;--awb-border-radius-bottom-left:0px;--awb-padding-top:0px;--awb-padding-right:0%;--awb-padding-bottom:0px;--awb-padding-left:0%;--awb-margin-top:0px;--awb-margin-bottom:0px;--awb-margin-bottom-medium:0px;--awb-margin-bottom-small:0px;--awb-background-color:#211f20;--awb-background-size:contain;--awb-flex-wrap:wrap;\" data-animationType=\"fadeIn\" data-animationDuration=\"0.8\" data-animationOffset=\"top-into-view\" id=\"projekti-home\" ><div class=\"fusion-builder-row fusion-row fusion-flex-align-items-flex-start fusion-flex-content-wrap\" style=\"width:calc( 100% + 0px ) !important;max-width:calc( 100% + 0px ) !important;margin-left: calc(-0px \/ 2 );margin-right: calc(-0px \/ 2 );\"><div class=\"fusion-layout-column fusion_builder_column fusion-builder-column-1 fusion_builder_column_1_2 1_2 fusion-flex-column fusion-flex-align-self-stretch fusion-animated\" style=\"--awb-z-index:3;--awb-padding-top:20%;--awb-padding-right:20%;--awb-padding-bottom:18%;--awb-padding-left:20%;--awb-padding-right-medium:15%;--awb-padding-left-medium:15%;--awb-padding-top-small:40px;--awb-padding-right-small:6%;--awb-padding-bottom-small:40px;--awb-padding-left-small:6%;--awb-bg-color:#211f20;--awb-bg-color-hover:#211f20;--awb-bg-size:cover;--awb-width-large:50%;--awb-margin-top-large:0%;--awb-spacing-right-large:0px;--awb-margin-bottom-large:0px;--awb-spacing-left-large:0px;--awb-width-medium:50%;--awb-order-medium:0;--awb-spacing-right-medium:0px;--awb-spacing-left-medium:0px;--awb-width-small:100%;--awb-order-small:1;--awb-spacing-right-small:0px;--awb-spacing-left-small:0px;\" data-animationType=\"fadeInUp\" data-animationDuration=\"1.0\" data-animationDelay=\"0.3\" data-animationOffset=\"top-into-view\"><div class=\"fusion-column-wrapper fusion-column-has-shadow fusion-flex-justify-content-space-evenly fusion-content-layout-column\"><div class=\"fusion-title title fusion-title-1 fusion-sep-none fusion-title-text fusion-title-size-two\" style=\"--awb-text-color:var(--awb-color1);\"><h2 class=\"fusion-title-heading title-heading-left\" style=\"margin:0;\">Villa mit Meerblick<\/h2><\/div><div class=\"fusion-text fusion-text-1\" style=\"--awb-text-color:var(--awb-color1);\"><p>Die Villa ist ein perfektes Beispiel f\u00fcr zeitlose Eleganz, wo sich Komfort und Funktionalit\u00e4t erg\u00e4nzen. Diese luxuri\u00f6se Residenz am Meer bietet sorgf\u00e4ltig gestaltete R\u00e4ume, die jeweils eine Geschichte von raffiniertem Geschmack und technischer Perfektion erz\u00e4hlen.<\/p>\n<\/div><div style=\"text-align:left;\"><a class=\"fusion-button button-flat fusion-button-default-size button-custom fusion-button-default button-1 fusion-button-default-span fusion-button-default-type btn-icon-size\" style=\"--button_accent_color:var(--awb-color1);--button_accent_hover_color:var(--awb-color4);--button_border_hover_color:var(--awb-color1);--button_gradient_top_color:rgba(136,118,91,0);--button_gradient_bottom_color:rgba(136,118,91,0);--button_gradient_top_color_hover:rgba(255,255,255,0);--button_gradient_bottom_color_hover:rgba(255,255,255,0);--button_font_size:17px;--button_line_height:1,3;--button_padding-top:20px;--button_padding-right:0px;--button_padding-bottom:20px;--button_padding-left:0px;--button_typography-font-family:&quot;Sora&quot;;--button_typography-font-style:normal;--button_typography-font-weight:200;\" target=\"_self\" data-hover=\"icon_slide\" href=\"https:\/\/pohistvopotocnik.si\/de\/villa-mit-meerblick\/\"><span class=\"fusion-button-text awb-button__text awb-button__text--default\">mehr \u00fcber das Projekt<\/span><i class=\"icon-dance-arrow awb-button__icon awb-button__icon--default button-icon-right\" aria-hidden=\"true\"><\/i><\/a><\/div><\/div><\/div><div class=\"fusion-layout-column fusion_builder_column fusion-builder-column-2 fusion_builder_column_1_2 1_2 fusion-flex-column fusion-flex-align-self-stretch fusion-column-inner-bg-wrapper fusion-animated\" style=\"--awb-z-index:2;--awb-padding-top:0%;--awb-padding-bottom:0%;--awb-padding-top-small:70px;--awb-padding-right-small:70px;--awb-padding-bottom-small:70px;--awb-padding-left-small:70px;--awb-inner-bg-size:cover;--awb-width-large:50%;--awb-margin-top-large:0px;--awb-spacing-right-large:0px;--awb-margin-bottom-large:0px;--awb-spacing-left-large:0px;--awb-width-medium:50%;--awb-order-medium:0;--awb-spacing-right-medium:0px;--awb-spacing-left-medium:0px;--awb-width-small:100%;--awb-order-small:1;--awb-spacing-right-small:0px;--awb-spacing-left-small:0px;\" data-animationType=\"fadeInUp\" data-animationDuration=\"1.0\" data-animationDelay=\"0.3\" data-animationOffset=\"top-into-view\"><span class=\"fusion-column-inner-bg hover-type-none\"><a class=\"fusion-column-anchor\" href=\"https:\/\/pohistvopotocnik.si\/de\/villa-mit-meerblick\/\"><span class=\"fusion-column-inner-bg-image lazyload\" data-bg=\"https:\/\/pohistvopotocnik.si\/wp-content\/uploads\/2025\/06\/01.webp\"><\/span><\/a><\/span><div class=\"fusion-column-wrapper fusion-column-has-shadow fusion-flex-justify-content-flex-start fusion-content-layout-column fusion-empty-column-bg-image fusion-column-has-bg-image\" data-bg-url=\"https:\/\/pohistvopotocnik.si\/wp-content\/uploads\/2025\/06\/01.webp\"><img decoding=\"async\" class=\"fusion-empty-dims-img-placeholder\" aria-label=\"01\" src=\"data:image\/svg+xml,%3Csvg%20xmlns%3D%27http%3A%2F%2Fwww.w3.org%2F2000%2Fsvg%27%20width%3D%272560%27%20height%3D%271707%27%20viewBox%3D%270%200%202560%201707%27%3E%3Crect%20width%3D%272560%27%20height%3D%271707%27%20fill-opacity%3D%220%22%2F%3E%3C%2Fsvg%3E\"><\/div><\/div><\/div><\/div><div class=\"fusion-fullwidth fullwidth-box fusion-builder-row-3 fusion-flex-container has-pattern-background has-mask-background hundred-percent-fullwidth non-hundred-percent-height-scrolling fusion-animated\" style=\"--awb-border-radius-top-left:0px;--awb-border-radius-top-right:0px;--awb-border-radius-bottom-right:0px;--awb-border-radius-bottom-left:0px;--awb-padding-top:0px;--awb-padding-right:0%;--awb-padding-bottom:0px;--awb-padding-left:0%;--awb-margin-top:0px;--awb-margin-bottom:0px;--awb-margin-bottom-medium:0px;--awb-margin-bottom-small:0px;--awb-background-color:#211f20;--awb-background-size:contain;--awb-flex-wrap:wrap;\" data-animationType=\"fadeIn\" data-animationDuration=\"0.8\" data-animationOffset=\"top-into-view\" ><div class=\"fusion-builder-row fusion-row fusion-flex-align-items-flex-start fusion-flex-content-wrap\" style=\"width:calc( 100% + 0px ) !important;max-width:calc( 100% + 0px ) !important;margin-left: calc(-0px \/ 2 );margin-right: calc(-0px \/ 2 );\"><div class=\"fusion-layout-column fusion_builder_column fusion-builder-column-3 fusion_builder_column_1_2 1_2 fusion-flex-column fusion-flex-align-self-stretch fusion-column-inner-bg-wrapper fusion-animated\" style=\"--awb-z-index:2;--awb-padding-top:0%;--awb-padding-bottom:0%;--awb-padding-top-small:70px;--awb-padding-right-small:70px;--awb-padding-bottom-small:70px;--awb-padding-left-small:70px;--awb-inner-bg-size:cover;--awb-width-large:50%;--awb-margin-top-large:0px;--awb-spacing-right-large:0px;--awb-margin-bottom-large:0px;--awb-spacing-left-large:0px;--awb-width-medium:50%;--awb-order-medium:0;--awb-spacing-right-medium:0px;--awb-spacing-left-medium:0px;--awb-width-small:100%;--awb-order-small:1;--awb-spacing-right-small:0px;--awb-spacing-left-small:0px;\" data-animationType=\"fadeInUp\" data-animationDuration=\"1.0\" data-animationDelay=\"0.3\" data-animationOffset=\"top-into-view\"><span class=\"fusion-column-inner-bg hover-type-none\"><a class=\"fusion-column-anchor\" href=\"https:\/\/pohistvopotocnik.si\/de\/das-zusammenspiel-von-geraden-und-halbkreisfoermigen-linien\/\"><span class=\"fusion-column-inner-bg-image lazyload\" data-bg=\"https:\/\/pohistvopotocnik.si\/wp-content\/uploads\/2025\/06\/Hisa-G-2-1.webp\"><\/span><\/a><\/span><div class=\"fusion-column-wrapper fusion-column-has-shadow fusion-flex-justify-content-flex-start fusion-content-layout-column fusion-empty-column-bg-image fusion-column-has-bg-image\" data-bg-url=\"https:\/\/pohistvopotocnik.si\/wp-content\/uploads\/2025\/06\/Hisa-G-2-1.webp\"><img decoding=\"async\" class=\"fusion-empty-dims-img-placeholder\" aria-label=\"Hisa G, 2 (1)\" src=\"data:image\/svg+xml,%3Csvg%20xmlns%3D%27http%3A%2F%2Fwww.w3.org%2F2000%2Fsvg%27%20width%3D%272560%27%20height%3D%271708%27%20viewBox%3D%270%200%202560%201708%27%3E%3Crect%20width%3D%272560%27%20height%3D%271708%27%20fill-opacity%3D%220%22%2F%3E%3C%2Fsvg%3E\"><\/div><\/div><div class=\"fusion-layout-column fusion_builder_column fusion-builder-column-4 fusion_builder_column_1_2 1_2 fusion-flex-column fusion-flex-align-self-stretch fusion-animated\" style=\"--awb-z-index:3;--awb-padding-top:15%;--awb-padding-right:20%;--awb-padding-bottom:15%;--awb-padding-left:20%;--awb-padding-right-medium:15%;--awb-padding-left-medium:15%;--awb-padding-top-small:40px;--awb-padding-right-small:6%;--awb-padding-bottom-small:40px;--awb-padding-left-small:6%;--awb-bg-color:#211f20;--awb-bg-color-hover:#211f20;--awb-bg-size:cover;--awb-width-large:50%;--awb-margin-top-large:0%;--awb-spacing-right-large:0px;--awb-margin-bottom-large:0px;--awb-spacing-left-large:0px;--awb-width-medium:50%;--awb-order-medium:0;--awb-spacing-right-medium:0px;--awb-spacing-left-medium:0px;--awb-width-small:100%;--awb-order-small:1;--awb-spacing-right-small:0px;--awb-spacing-left-small:0px;\" data-animationType=\"fadeInUp\" data-animationDuration=\"1.0\" data-animationDelay=\"0.3\" data-animationOffset=\"top-into-view\"><div class=\"fusion-column-wrapper fusion-column-has-shadow fusion-flex-justify-content-space-evenly fusion-content-layout-column\"><div class=\"fusion-title title fusion-title-2 fusion-sep-none fusion-title-text fusion-title-size-two\" style=\"--awb-text-color:var(--awb-color1);\"><h2 class=\"fusion-title-heading title-heading-left\" style=\"margin:0;\">Das Zusammenspiel von geraden und halbkreisf\u00f6rmigen Linien<\/h2><\/div><div class=\"fusion-text fusion-text-2\" style=\"--awb-text-color:var(--awb-color1);\"><p>Bei diesem Projekt wurden bei der Einrichtung nat\u00fcrliche Materialien und helle Farbt\u00f6ne verwendet. Speziell gestaltete Elemente finden ihren Platz im Vorraum und in der K\u00fcche.<\/p>\n<\/div><div style=\"text-align:left;\"><a class=\"fusion-button button-flat fusion-button-default-size button-custom fusion-button-default button-2 fusion-button-default-span fusion-button-default-type btn-icon-size\" style=\"--button_accent_color:var(--awb-color1);--button_accent_hover_color:var(--awb-color4);--button_border_hover_color:var(--awb-color1);--button_gradient_top_color:rgba(136,118,91,0);--button_gradient_bottom_color:rgba(136,118,91,0);--button_gradient_top_color_hover:rgba(255,255,255,0);--button_gradient_bottom_color_hover:rgba(255,255,255,0);--button_font_size:17px;--button_line_height:1,3;--button_padding-top:20px;--button_padding-right:0px;--button_padding-bottom:20px;--button_padding-left:0px;--button_typography-font-family:&quot;Sora&quot;;--button_typography-font-style:normal;--button_typography-font-weight:200;\" target=\"_self\" data-hover=\"icon_slide\" href=\"https:\/\/pohistvopotocnik.si\/de\/das-zusammenspiel-von-geraden-und-halbkreisfoermigen-linien\/\"><span class=\"fusion-button-text awb-button__text awb-button__text--default\">mehr \u00fcber das Projekt<\/span><i class=\"icon-dance-arrow awb-button__icon awb-button__icon--default button-icon-right\" aria-hidden=\"true\"><\/i><\/a><\/div><\/div><\/div><\/div><\/div><div class=\"fusion-fullwidth fullwidth-box fusion-builder-row-4 fusion-flex-container has-pattern-background has-mask-background hundred-percent-fullwidth non-hundred-percent-height-scrolling fusion-animated\" style=\"--awb-border-radius-top-left:0px;--awb-border-radius-top-right:0px;--awb-border-radius-bottom-right:0px;--awb-border-radius-bottom-left:0px;--awb-padding-top:0px;--awb-padding-right:0%;--awb-padding-bottom:0px;--awb-padding-left:0%;--awb-margin-top:0px;--awb-margin-bottom:0px;--awb-margin-bottom-medium:0px;--awb-margin-bottom-small:0px;--awb-background-color:#211f20;--awb-background-size:contain;--awb-flex-wrap:wrap;\" data-animationType=\"fadeIn\" data-animationDuration=\"0.8\" data-animationOffset=\"top-into-view\" ><div class=\"fusion-builder-row fusion-row fusion-flex-align-items-flex-start fusion-flex-content-wrap\" style=\"width:calc( 100% + 0px ) !important;max-width:calc( 100% + 0px ) !important;margin-left: calc(-0px \/ 2 );margin-right: calc(-0px \/ 2 );\"><div class=\"fusion-layout-column fusion_builder_column fusion-builder-column-5 fusion_builder_column_1_2 1_2 fusion-flex-column fusion-flex-align-self-stretch fusion-animated\" style=\"--awb-z-index:3;--awb-padding-top:20%;--awb-padding-right:20%;--awb-padding-bottom:18%;--awb-padding-left:20%;--awb-padding-right-medium:15%;--awb-padding-left-medium:15%;--awb-padding-top-small:40px;--awb-padding-right-small:6%;--awb-padding-bottom-small:40px;--awb-padding-left-small:6%;--awb-bg-color:#211f20;--awb-bg-color-hover:#211f20;--awb-bg-size:cover;--awb-width-large:50%;--awb-margin-top-large:0%;--awb-spacing-right-large:0px;--awb-margin-bottom-large:0px;--awb-spacing-left-large:0px;--awb-width-medium:50%;--awb-order-medium:0;--awb-spacing-right-medium:0px;--awb-spacing-left-medium:0px;--awb-width-small:100%;--awb-order-small:1;--awb-spacing-right-small:0px;--awb-spacing-left-small:0px;\" data-animationType=\"fadeInUp\" data-animationDuration=\"1.0\" data-animationDelay=\"0.3\" data-animationOffset=\"top-into-view\"><div class=\"fusion-column-wrapper fusion-column-has-shadow fusion-flex-justify-content-space-evenly fusion-content-layout-column\"><div class=\"fusion-title title fusion-title-3 fusion-sep-none fusion-title-text fusion-title-size-two\" style=\"--awb-text-color:var(--awb-color1);\"><h2 class=\"fusion-title-heading title-heading-left\" style=\"margin:0;\">Holz, Stein und Metall<\/h2><\/div><div class=\"fusion-text fusion-text-3\" style=\"--awb-text-color:var(--awb-color1);\"><p>Ein besonderes Merkmal des Ambientes ist die Wand- und Deckenverkleidung im Eingangsbereich des Wohnzimmers, das sich bis ins Obergeschoss in den B\u00fcrobereich fortsetzt, welcher offen ist und die beiden R\u00e4ume direkt miteinander verbindet.<\/p>\n<\/div><div style=\"text-align:left;\"><a class=\"fusion-button button-flat fusion-button-default-size button-custom fusion-button-default button-3 fusion-button-default-span fusion-button-default-type btn-icon-size\" style=\"--button_accent_color:var(--awb-color1);--button_accent_hover_color:var(--awb-color4);--button_border_hover_color:var(--awb-color1);--button_gradient_top_color:rgba(136,118,91,0);--button_gradient_bottom_color:rgba(136,118,91,0);--button_gradient_top_color_hover:rgba(255,255,255,0);--button_gradient_bottom_color_hover:rgba(255,255,255,0);--button_font_size:17px;--button_line_height:1,3;--button_padding-top:20px;--button_padding-right:0px;--button_padding-bottom:20px;--button_padding-left:0px;--button_typography-font-family:&quot;Sora&quot;;--button_typography-font-style:normal;--button_typography-font-weight:200;\" target=\"_self\" data-hover=\"icon_slide\" href=\"https:\/\/pohistvopotocnik.si\/de\/holz-stein-und-metall\/\"><span class=\"fusion-button-text awb-button__text awb-button__text--default\">mehr \u00fcber das Projekt<\/span><i class=\"icon-dance-arrow awb-button__icon awb-button__icon--default button-icon-right\" aria-hidden=\"true\"><\/i><\/a><\/div><\/div><\/div><div class=\"fusion-layout-column fusion_builder_column fusion-builder-column-6 fusion_builder_column_1_2 1_2 fusion-flex-column fusion-flex-align-self-stretch fusion-column-inner-bg-wrapper fusion-animated\" style=\"--awb-z-index:2;--awb-padding-top:0%;--awb-padding-bottom:0%;--awb-padding-top-small:70px;--awb-padding-right-small:70px;--awb-padding-bottom-small:70px;--awb-padding-left-small:70px;--awb-inner-bg-size:cover;--awb-width-large:50%;--awb-margin-top-large:0px;--awb-spacing-right-large:0px;--awb-margin-bottom-large:0px;--awb-spacing-left-large:0px;--awb-width-medium:50%;--awb-order-medium:0;--awb-spacing-right-medium:0px;--awb-spacing-left-medium:0px;--awb-width-small:100%;--awb-order-small:1;--awb-spacing-right-small:0px;--awb-spacing-left-small:0px;\" data-animationType=\"fadeInUp\" data-animationDuration=\"1.0\" data-animationDelay=\"0.3\" data-animationOffset=\"top-into-view\"><span class=\"fusion-column-inner-bg hover-type-none\"><a class=\"fusion-column-anchor\" href=\"https:\/\/pohistvopotocnik.si\/de\/holz-stein-und-metall\/\"><span class=\"fusion-column-inner-bg-image lazyload\" data-bg=\"https:\/\/pohistvopotocnik.si\/wp-content\/uploads\/2025\/06\/1-Hisa-PR-predstavitvena-slika.webp\"><\/span><\/a><\/span><div class=\"fusion-column-wrapper fusion-column-has-shadow fusion-flex-justify-content-flex-start fusion-content-layout-column fusion-empty-column-bg-image fusion-column-has-bg-image\" data-bg-url=\"https:\/\/pohistvopotocnik.si\/wp-content\/uploads\/2025\/06\/1-Hisa-PR-predstavitvena-slika.webp\"><img decoding=\"async\" class=\"fusion-empty-dims-img-placeholder\" aria-label=\"1 Hisa PR, predstavitvena slika\" src=\"data:image\/svg+xml,%3Csvg%20xmlns%3D%27http%3A%2F%2Fwww.w3.org%2F2000%2Fsvg%27%20width%3D%272560%27%20height%3D%271707%27%20viewBox%3D%270%200%202560%201707%27%3E%3Crect%20width%3D%272560%27%20height%3D%271707%27%20fill-opacity%3D%220%22%2F%3E%3C%2Fsvg%3E\"><\/div><\/div><\/div><\/div><div class=\"fusion-fullwidth fullwidth-box fusion-builder-row-5 fusion-flex-container has-pattern-background has-mask-background hundred-percent-fullwidth non-hundred-percent-height-scrolling fusion-animated\" style=\"--awb-border-radius-top-left:0px;--awb-border-radius-top-right:0px;--awb-border-radius-bottom-right:0px;--awb-border-radius-bottom-left:0px;--awb-padding-top:0px;--awb-padding-right:0%;--awb-padding-bottom:0px;--awb-padding-left:0%;--awb-margin-top:0px;--awb-margin-bottom:0px;--awb-margin-bottom-medium:90px;--awb-margin-bottom-small:0px;--awb-background-color:#211f20;--awb-background-size:contain;--awb-flex-wrap:wrap;\" data-animationType=\"fadeInUp\" data-animationDuration=\"1.3\" data-animationDelay=\"0.3\" data-animationOffset=\"top-into-view\" ><div class=\"fusion-builder-row fusion-row fusion-flex-align-items-flex-start fusion-flex-content-wrap\" style=\"width:calc( 100% + 0px ) !important;max-width:calc( 100% + 0px ) !important;margin-left: calc(-0px \/ 2 );margin-right: calc(-0px \/ 2 );\"><div class=\"fusion-layout-column fusion_builder_column fusion-builder-column-7 fusion_builder_column_1_2 1_2 fusion-flex-column fusion-animated\" style=\"--awb-z-index:2;--awb-padding-top:0%;--awb-padding-bottom:0%;--awb-padding-top-small:70px;--awb-padding-right-small:70px;--awb-padding-bottom-small:70px;--awb-padding-left-small:70px;--awb-bg-color:rgba(136,118,91,0);--awb-bg-color-hover:rgba(136,118,91,0);--awb-bg-size:cover;--awb-width-large:50%;--awb-margin-top-large:0px;--awb-spacing-right-large:0px;--awb-margin-bottom-large:0px;--awb-spacing-left-large:0px;--awb-width-medium:50%;--awb-order-medium:0;--awb-spacing-right-medium:0px;--awb-spacing-left-medium:0px;--awb-width-small:100%;--awb-order-small:1;--awb-spacing-right-small:0px;--awb-spacing-left-small:0px;\" data-animationType=\"fadeInUp\" data-animationDuration=\"1.0\" data-animationDelay=\"0.3\" data-animationOffset=\"top-into-view\"><div class=\"fusion-column-wrapper fusion-column-has-shadow fusion-flex-justify-content-flex-start fusion-content-layout-column\"><div class=\"fusion-image-element \" style=\"--awb-caption-title-font-family:var(--h2_typography-font-family);--awb-caption-title-font-weight:var(--h2_typography-font-weight);--awb-caption-title-font-style:var(--h2_typography-font-style);--awb-caption-title-size:var(--h2_typography-font-size);--awb-caption-title-transform:var(--h2_typography-text-transform);--awb-caption-title-line-height:var(--h2_typography-line-height);--awb-caption-title-letter-spacing:var(--h2_typography-letter-spacing);\"><span class=\" fusion-imageframe imageframe-none imageframe-1 hover-type-none\"><img decoding=\"async\" width=\"2250\" height=\"1640\" title=\"obiscite-nas-salon-bgr\" src=\"https:\/\/pohistvopotocnik.si\/wp-content\/uploads\/2025\/05\/obiscite-nas-salon-bgr.png\" data-orig-src=\"https:\/\/pohistvopotocnik.si\/wp-content\/uploads\/2025\/05\/obiscite-nas-salon-bgr.png\" alt class=\"lazyload img-responsive wp-image-1820\" srcset=\"data:image\/svg+xml,%3Csvg%20xmlns%3D%27http%3A%2F%2Fwww.w3.org%2F2000%2Fsvg%27%20width%3D%272250%27%20height%3D%271640%27%20viewBox%3D%270%200%202250%201640%27%3E%3Crect%20width%3D%272250%27%20height%3D%271640%27%20fill-opacity%3D%220%22%2F%3E%3C%2Fsvg%3E\" data-srcset=\"https:\/\/pohistvopotocnik.si\/wp-content\/uploads\/2025\/05\/obiscite-nas-salon-bgr-200x146.png 200w, https:\/\/pohistvopotocnik.si\/wp-content\/uploads\/2025\/05\/obiscite-nas-salon-bgr-400x292.png 400w, https:\/\/pohistvopotocnik.si\/wp-content\/uploads\/2025\/05\/obiscite-nas-salon-bgr-600x437.png 600w, https:\/\/pohistvopotocnik.si\/wp-content\/uploads\/2025\/05\/obiscite-nas-salon-bgr-800x583.png 800w, https:\/\/pohistvopotocnik.si\/wp-content\/uploads\/2025\/05\/obiscite-nas-salon-bgr-1200x875.png 1200w, https:\/\/pohistvopotocnik.si\/wp-content\/uploads\/2025\/05\/obiscite-nas-salon-bgr.png 2250w\" data-sizes=\"auto\" data-orig-sizes=\"(max-width: 900px) 100vw, 800px\" \/><\/span><\/div><\/div><\/div><div class=\"fusion-layout-column fusion_builder_column fusion-builder-column-8 fusion_builder_column_1_2 1_2 fusion-flex-column fusion-flex-align-self-stretch fusion-animated\" style=\"--awb-z-index:3;--awb-padding-top:20%;--awb-padding-right:16%;--awb-padding-bottom:18%;--awb-padding-left:15%;--awb-padding-top-small:70px;--awb-padding-right-small:70px;--awb-padding-bottom-small:70px;--awb-padding-left-small:70px;--awb-bg-color:#211f20;--awb-bg-color-hover:#211f20;--awb-bg-size:cover;--awb-width-large:50%;--awb-margin-top-large:0%;--awb-spacing-right-large:0px;--awb-margin-bottom-large:0px;--awb-spacing-left-large:0px;--awb-width-medium:50%;--awb-order-medium:0;--awb-spacing-right-medium:0px;--awb-spacing-left-medium:0px;--awb-width-small:100%;--awb-order-small:1;--awb-spacing-right-small:0px;--awb-spacing-left-small:0px;\" data-animationType=\"fadeInUp\" data-animationDuration=\"1.0\" data-animationDelay=\"0.3\" data-animationOffset=\"top-into-view\" id=\"kako-delamo\"><div class=\"fusion-column-wrapper fusion-column-has-shadow fusion-flex-justify-content-space-evenly fusion-content-layout-column\"><div class=\"fusion-title title fusion-title-4 fusion-sep-none fusion-title-text fusion-title-size-two\" style=\"--awb-text-color:var(--awb-color1);--awb-margin-bottom:25px;--awb-font-size:28px;\"><h2 class=\"fusion-title-heading title-heading-left\" style=\"margin:0;text-transform:none;font-size:1em;\">Besuchen Sie unseren Showroom<\/h2><\/div><div class=\"fusion-text fusion-text-4 fusion-text-no-margin\" style=\"--awb-text-color:var(--awb-color1);--awb-margin-bottom:35px;\"><p>Besuchen Sie unseren Ausstellungsraum und teilen Sie uns Ihre Ideen und Vorstellungen mit. Jahrzehntelange Erfahrung und ein feines Gesp\u00fcr f\u00fcr die Bed\u00fcrfnisse unserer Kundinnen und Kunden erm\u00f6glichen es uns, uns selbst an die anspruchsvollsten R\u00e4ume und W\u00fcnsche anzupassen. Wir begleiten Sie von der ersten Idee bis zur Montage der M\u00f6bel!<\/p>\n<\/div><\/div><\/div><\/div><\/div><\/p>\n","protected":false},"excerpt":{"rendered":"","protected":false},"author":1,"featured_media":0,"parent":0,"menu_order":0,"comment_status":"closed","ping_status":"closed","template":"100-width.php","meta":{"footnotes":""},"class_list":["post-1680","page","type-page","status-publish","hentry"],"_links":{"self":[{"href":"https:\/\/pohistvopotocnik.si\/de\/wp-json\/wp\/v2\/pages\/1680","targetHints":{"allow":["GET"]}}],"collection":[{"href":"https:\/\/pohistvopotocnik.si\/de\/wp-json\/wp\/v2\/pages"}],"about":[{"href":"https:\/\/pohistvopotocnik.si\/de\/wp-json\/wp\/v2\/types\/page"}],"author":[{"embeddable":true,"href":"https:\/\/pohistvopotocnik.si\/de\/wp-json\/wp\/v2\/users\/1"}],"replies":[{"embeddable":true,"href":"https:\/\/pohistvopotocnik.si\/de\/wp-json\/wp\/v2\/comments?post=1680"}],"version-history":[{"count":20,"href":"https:\/\/pohistvopotocnik.si\/de\/wp-json\/wp\/v2\/pages\/1680\/revisions"}],"predecessor-version":[{"id":3114,"href":"https:\/\/pohistvopotocnik.si\/de\/wp-json\/wp\/v2\/pages\/1680\/revisions\/3114"}],"wp:attachment":[{"href":"https:\/\/pohistvopotocnik.si\/de\/wp-json\/wp\/v2\/media?parent=1680"}],"curies":[{"name":"wp","href":"https:\/\/api.w.org\/{rel}","templated":true}]}}