{"id":3039,"date":"2025-06-26T12:57:45","date_gmt":"2025-06-26T12:57:45","guid":{"rendered":"https:\/\/pohistvopotocnik.si\/z-roko-v-roki-bela-in-oreh\/"},"modified":"2025-12-22T13:48:48","modified_gmt":"2025-12-22T13:48:48","slug":"weiss-und-walnuss-hand-in-hand","status":"publish","type":"page","link":"https:\/\/pohistvopotocnik.si\/de\/projekten\/weiss-und-walnuss-hand-in-hand\/","title":{"rendered":"Wei\u00df und Walnuss Hand in Hand"},"content":{"rendered":"<p><div class=\"fusion-fullwidth fullwidth-box fusion-builder-row-1 fusion-flex-container has-pattern-background has-mask-background fusion-parallax-none hundred-percent-fullwidth hundred-percent-height hundred-percent-height-center-content non-hundred-percent-height-scrolling lazyload fusion-animated\" style=\"--awb-background-position:center bottom;--awb-border-radius-top-left:0px;--awb-border-radius-top-right:0px;--awb-border-radius-bottom-right:0px;--awb-border-radius-bottom-left:0px;--awb-background-image:linear-gradient(180deg, rgba(0,0,0,0.7) 0%,rgba(136,118,91,0) 15%);;--awb-background-size:cover;--awb-flex-wrap:wrap;--awb-animation-color:rgba(5,5,5,0.48);\" data-bg=\"https:\/\/pohistvopotocnik.si\/wp-content\/uploads\/2025\/06\/1-Hisa-L-predstavitvena-slike.webp\" data-bg-gradient=\"linear-gradient(180deg, rgba(0,0,0,0.7) 0%,rgba(136,118,91,0) 15%)\" data-animationType=\"revealIn\" data-animationDuration=\"1.3\" data-animationOffset=\"top-into-view\" ><div class=\"fusion-builder-row fusion-row fusion-flex-align-items-flex-start fusion-flex-align-content-center fusion-flex-content-wrap\" style=\"width:104% !important;max-width:104% !important;margin-left: calc(-4% \/ 2 );margin-right: calc(-4% \/ 2 );\"><div class=\"fusion-layout-column fusion_builder_column fusion-builder-column-0 fusion_builder_column_1_1 1_1 fusion-flex-column fusion-flex-align-self-flex-start\" style=\"--awb-padding-top:60px;--awb-padding-right:20%;--awb-padding-bottom:60px;--awb-padding-left:20%;--awb-padding-right-small:20px;--awb-padding-left-small:20px;--awb-bg-color:rgba(0,0,0,0.63);--awb-bg-color-hover:rgba(0,0,0,0.63);--awb-bg-size:cover;--awb-width-large:100%;--awb-margin-top-large:0px;--awb-spacing-right-large:0%;--awb-margin-bottom-large:25px;--awb-spacing-left-large:0%;--awb-width-medium:100%;--awb-order-medium:0;--awb-spacing-right-medium:0%;--awb-spacing-left-medium:0%;--awb-width-small:100%;--awb-order-small:0;--awb-spacing-right-small:1.92%;--awb-spacing-left-small:1.92%;\"><div class=\"fusion-column-wrapper fusion-column-has-shadow fusion-flex-justify-content-flex-start fusion-content-layout-column\"><div class=\"fusion-builder-row fusion-builder-row-inner fusion-row fusion-flex-align-items-flex-start fusion-flex-align-content-center fusion-flex-content-wrap\" style=\"width:104% !important;max-width:104% !important;margin-left: calc(-4% \/ 2 );margin-right: calc(-4% \/ 2 );\"><div class=\"fusion-layout-column fusion_builder_column_inner fusion-builder-nested-column-0 fusion_builder_column_inner_1_2 1_2 fusion-flex-column fusion-flex-align-self-center\" style=\"--awb-bg-size:cover;--awb-width-large:50%;--awb-margin-top-large:0px;--awb-spacing-right-large:3.84%;--awb-margin-bottom-large:0px;--awb-spacing-left-large:3.84%;--awb-width-medium:50%;--awb-order-medium:0;--awb-spacing-right-medium:3.84%;--awb-spacing-left-medium:3.84%;--awb-width-small:100%;--awb-order-small:0;--awb-spacing-right-small:1.92%;--awb-spacing-left-small:1.92%;\"><div class=\"fusion-column-wrapper fusion-column-has-shadow fusion-flex-justify-content-center fusion-content-layout-column\"><div class=\"fusion-title title fusion-title-1 fusion-sep-none fusion-title-text fusion-title-size-one\" style=\"--awb-text-color:var(--awb-color1);\"><h1 class=\"fusion-title-heading title-heading-left\" style=\"font-family:&quot;Sora&quot;;font-style:normal;font-weight:200;margin:0;\">Wei\u00df und Walnuss Hand in Hand<\/h1><\/div><\/div><\/div><div class=\"fusion-layout-column fusion_builder_column_inner fusion-builder-nested-column-1 fusion_builder_column_inner_1_2 1_2 fusion-flex-column fusion-flex-align-self-center\" style=\"--awb-bg-size:cover;--awb-width-large:50%;--awb-margin-top-large:0px;--awb-spacing-right-large:3.84%;--awb-margin-bottom-large:0px;--awb-spacing-left-large:3.84%;--awb-width-medium:50%;--awb-order-medium:0;--awb-spacing-right-medium:3.84%;--awb-spacing-left-medium:3.84%;--awb-width-small:100%;--awb-order-small:0;--awb-spacing-right-small:1.92%;--awb-spacing-left-small:1.92%;\"><div class=\"fusion-column-wrapper fusion-column-has-shadow fusion-flex-justify-content-center fusion-content-layout-column\"><div class=\"fusion-text fusion-text-1 fusion-text-no-margin\" style=\"--awb-text-color:var(--awb-color1);\"><p>Das Projekt konzentriert sich auf die Kreation eines hellen und luftigen Wohnraums, wo die Reinheit wei\u00dfer Oberfl\u00e4chen durch die W\u00e4rme von nat\u00fcrlichem Walnussholz ausgeglichen wird.<\/p>\n<\/div><\/div><\/div><\/div><\/div><\/div><\/div><\/div><div class=\"fusion-fullwidth fullwidth-box fusion-builder-row-2 fusion-flex-container has-pattern-background has-mask-background hundred-percent-fullwidth non-hundred-percent-height-scrolling fusion-animated\" style=\"--awb-border-radius-top-left:0px;--awb-border-radius-top-right:0px;--awb-border-radius-bottom-right:0px;--awb-border-radius-bottom-left:0px;--awb-padding-right:0px;--awb-padding-left:0px;--awb-margin-top:0px;--awb-margin-bottom:0px;--awb-margin-bottom-medium:90px;--awb-margin-bottom-small:0px;--awb-flex-wrap:wrap;\" data-animationType=\"fadeInUp\" data-animationDuration=\"1.3\" data-animationOffset=\"top-into-view\" ><div class=\"fusion-builder-row fusion-row fusion-flex-align-items-stretch fusion-flex-content-wrap\" style=\"width:calc( 100% + 120px ) !important;max-width:calc( 100% + 120px ) !important;margin-left: calc(-120px \/ 2 );margin-right: calc(-120px \/ 2 );\"><div class=\"fusion-layout-column fusion_builder_column fusion-builder-column-1 fusion_builder_column_1_1 1_1 fusion-flex-column\" style=\"--awb-padding-bottom:132px;--awb-padding-right-medium:0px;--awb-padding-top-small:50px;--awb-padding-bottom-small:80px;--awb-bg-color:var(--awb-color8);--awb-bg-color-hover:var(--awb-color8);--awb-bg-size:cover;--awb-width-large:100%;--awb-margin-top-large:0px;--awb-spacing-right-large:0px;--awb-margin-bottom-large:0px;--awb-spacing-left-large:0px;--awb-width-medium:100%;--awb-order-medium:0;--awb-spacing-right-medium:0px;--awb-spacing-left-medium:0px;--awb-width-small:100%;--awb-order-small:1;--awb-spacing-right-small:60px;--awb-spacing-left-small:60px;\"><div class=\"fusion-column-wrapper fusion-column-has-shadow fusion-flex-justify-content-flex-start fusion-content-layout-column\"><div class=\"awb-gallery-wrapper awb-gallery-wrapper-1 button-span-no\" style=\"--more-btn-alignment:center;\"><div style=\"margin:0px;--awb-aspect-ratio:16 \/ 9;--awb-bordersize:0px;\" class=\"fusion-gallery fusion-gallery-container fusion-grid-3 fusion-columns-total-9 fusion-gallery-layout-grid fusion-gallery-1 has-aspect-ratio\"><div style=\"padding:0px;\" class=\"fusion-grid-column fusion-gallery-column fusion-gallery-column-3 hover-type-zoomin\"><div class=\"fusion-gallery-image\"><a href=\"https:\/\/pohistvopotocnik.si\/wp-content\/uploads\/2025\/06\/Hisa-L-2-1.webp\" rel=\"noreferrer\" data-rel=\"iLightbox[gallery_image_1]\" class=\"fusion-lightbox\" target=\"_self\"><img decoding=\"async\" src=\"https:\/\/pohistvopotocnik.si\/wp-content\/uploads\/2025\/06\/Hisa-L-2-1.webp\" data-orig-src=\"https:\/\/pohistvopotocnik.si\/wp-content\/uploads\/2025\/06\/Hisa-L-2-1.webp\" width=\"2560\" height=\"1707\" alt=\"\" title=\"Hisa L, 2 (1)\" aria-label=\"Hisa L, 2 (1)\" class=\"lazyload img-responsive wp-image-2405\" srcset=\"data:image\/svg+xml,%3Csvg%20xmlns%3D%27http%3A%2F%2Fwww.w3.org%2F2000%2Fsvg%27%20width%3D%272560%27%20height%3D%271707%27%20viewBox%3D%270%200%202560%201707%27%3E%3Crect%20width%3D%272560%27%20height%3D%271707%27%20fill-opacity%3D%220%22%2F%3E%3C%2Fsvg%3E\" data-srcset=\"https:\/\/pohistvopotocnik.si\/wp-content\/uploads\/2025\/06\/Hisa-L-2-1-200x133.webp 200w, https:\/\/pohistvopotocnik.si\/wp-content\/uploads\/2025\/06\/Hisa-L-2-1-300x200.webp 300w, https:\/\/pohistvopotocnik.si\/wp-content\/uploads\/2025\/06\/Hisa-L-2-1-400x267.webp 400w, https:\/\/pohistvopotocnik.si\/wp-content\/uploads\/2025\/06\/Hisa-L-2-1-600x400.webp 600w, https:\/\/pohistvopotocnik.si\/wp-content\/uploads\/2025\/06\/Hisa-L-2-1-768x512.webp 768w, https:\/\/pohistvopotocnik.si\/wp-content\/uploads\/2025\/06\/Hisa-L-2-1-800x533.webp 800w, https:\/\/pohistvopotocnik.si\/wp-content\/uploads\/2025\/06\/Hisa-L-2-1-1024x683.webp 1024w, https:\/\/pohistvopotocnik.si\/wp-content\/uploads\/2025\/06\/Hisa-L-2-1-1200x800.webp 1200w, https:\/\/pohistvopotocnik.si\/wp-content\/uploads\/2025\/06\/Hisa-L-2-1-1536x1024.webp 1536w, https:\/\/pohistvopotocnik.si\/wp-content\/uploads\/2025\/06\/Hisa-L-2-1.webp 2560w\" data-sizes=\"auto\" data-orig-sizes=\"(min-width: 2200px) 100vw, (min-width: 784px) 400px, (min-width: 712px) 600px, (min-width: 640px) 712px, \" \/><\/a><\/div><\/div><div style=\"padding:0px;\" class=\"fusion-grid-column fusion-gallery-column fusion-gallery-column-3 hover-type-zoomin\"><div class=\"fusion-gallery-image\"><a href=\"https:\/\/pohistvopotocnik.si\/wp-content\/uploads\/2025\/06\/Hisa-L-2-8-scaled.webp\" rel=\"noreferrer\" data-rel=\"iLightbox[gallery_image_1]\" class=\"fusion-lightbox\" target=\"_self\"><img decoding=\"async\" src=\"https:\/\/pohistvopotocnik.si\/wp-content\/uploads\/2025\/06\/Hisa-L-2-8-scaled.webp\" data-orig-src=\"https:\/\/pohistvopotocnik.si\/wp-content\/uploads\/2025\/06\/Hisa-L-2-8-scaled.webp\" width=\"1707\" height=\"2560\" alt=\"\" title=\"Hisa L, 2 (8)\" aria-label=\"Hisa L, 2 (8)\" class=\"lazyload img-responsive wp-image-2419\" srcset=\"data:image\/svg+xml,%3Csvg%20xmlns%3D%27http%3A%2F%2Fwww.w3.org%2F2000%2Fsvg%27%20width%3D%271707%27%20height%3D%272560%27%20viewBox%3D%270%200%201707%202560%27%3E%3Crect%20width%3D%271707%27%20height%3D%272560%27%20fill-opacity%3D%220%22%2F%3E%3C%2Fsvg%3E\" data-srcset=\"https:\/\/pohistvopotocnik.si\/wp-content\/uploads\/2025\/06\/Hisa-L-2-8-200x300.webp 200w, https:\/\/pohistvopotocnik.si\/wp-content\/uploads\/2025\/06\/Hisa-L-2-8-400x600.webp 400w, https:\/\/pohistvopotocnik.si\/wp-content\/uploads\/2025\/06\/Hisa-L-2-8-600x900.webp 600w, https:\/\/pohistvopotocnik.si\/wp-content\/uploads\/2025\/06\/Hisa-L-2-8-683x1024.webp 683w, https:\/\/pohistvopotocnik.si\/wp-content\/uploads\/2025\/06\/Hisa-L-2-8-768x1152.webp 768w, https:\/\/pohistvopotocnik.si\/wp-content\/uploads\/2025\/06\/Hisa-L-2-8-800x1200.webp 800w, https:\/\/pohistvopotocnik.si\/wp-content\/uploads\/2025\/06\/Hisa-L-2-8-1024x1536.webp 1024w, https:\/\/pohistvopotocnik.si\/wp-content\/uploads\/2025\/06\/Hisa-L-2-8-1200x1800.webp 1200w, https:\/\/pohistvopotocnik.si\/wp-content\/uploads\/2025\/06\/Hisa-L-2-8-1365x2048.webp 1365w, https:\/\/pohistvopotocnik.si\/wp-content\/uploads\/2025\/06\/Hisa-L-2-8-scaled.webp 1707w\" data-sizes=\"auto\" data-orig-sizes=\"(min-width: 2200px) 100vw, (min-width: 784px) 400px, (min-width: 712px) 600px, (min-width: 640px) 712px, \" \/><\/a><\/div><\/div><div style=\"padding:0px;\" class=\"fusion-grid-column fusion-gallery-column fusion-gallery-column-3 hover-type-zoomin\"><div class=\"fusion-gallery-image\"><a href=\"https:\/\/pohistvopotocnik.si\/wp-content\/uploads\/2025\/06\/Hisa-L-2-7-scaled.webp\" rel=\"noreferrer\" data-rel=\"iLightbox[gallery_image_1]\" class=\"fusion-lightbox\" target=\"_self\"><img decoding=\"async\" src=\"https:\/\/pohistvopotocnik.si\/wp-content\/uploads\/2025\/06\/Hisa-L-2-7-scaled.webp\" data-orig-src=\"https:\/\/pohistvopotocnik.si\/wp-content\/uploads\/2025\/06\/Hisa-L-2-7-scaled.webp\" width=\"1707\" height=\"2560\" alt=\"\" title=\"Hisa L, 2 (7)\" aria-label=\"Hisa L, 2 (7)\" class=\"lazyload img-responsive wp-image-2417\" srcset=\"data:image\/svg+xml,%3Csvg%20xmlns%3D%27http%3A%2F%2Fwww.w3.org%2F2000%2Fsvg%27%20width%3D%271707%27%20height%3D%272560%27%20viewBox%3D%270%200%201707%202560%27%3E%3Crect%20width%3D%271707%27%20height%3D%272560%27%20fill-opacity%3D%220%22%2F%3E%3C%2Fsvg%3E\" data-srcset=\"https:\/\/pohistvopotocnik.si\/wp-content\/uploads\/2025\/06\/Hisa-L-2-7-200x300.webp 200w, https:\/\/pohistvopotocnik.si\/wp-content\/uploads\/2025\/06\/Hisa-L-2-7-400x600.webp 400w, https:\/\/pohistvopotocnik.si\/wp-content\/uploads\/2025\/06\/Hisa-L-2-7-600x900.webp 600w, https:\/\/pohistvopotocnik.si\/wp-content\/uploads\/2025\/06\/Hisa-L-2-7-683x1024.webp 683w, https:\/\/pohistvopotocnik.si\/wp-content\/uploads\/2025\/06\/Hisa-L-2-7-768x1152.webp 768w, https:\/\/pohistvopotocnik.si\/wp-content\/uploads\/2025\/06\/Hisa-L-2-7-800x1200.webp 800w, https:\/\/pohistvopotocnik.si\/wp-content\/uploads\/2025\/06\/Hisa-L-2-7-1024x1536.webp 1024w, https:\/\/pohistvopotocnik.si\/wp-content\/uploads\/2025\/06\/Hisa-L-2-7-1200x1800.webp 1200w, https:\/\/pohistvopotocnik.si\/wp-content\/uploads\/2025\/06\/Hisa-L-2-7-1365x2048.webp 1365w, https:\/\/pohistvopotocnik.si\/wp-content\/uploads\/2025\/06\/Hisa-L-2-7-scaled.webp 1707w\" data-sizes=\"auto\" data-orig-sizes=\"(min-width: 2200px) 100vw, (min-width: 784px) 400px, (min-width: 712px) 600px, (min-width: 640px) 712px, \" \/><\/a><\/div><\/div><div class=\"clearfix\"><\/div><div style=\"padding:0px;\" class=\"fusion-grid-column fusion-gallery-column fusion-gallery-column-3 hover-type-zoomin\"><div class=\"fusion-gallery-image\"><a href=\"https:\/\/pohistvopotocnik.si\/wp-content\/uploads\/2025\/06\/Hisa-L-2-6.webp\" rel=\"noreferrer\" data-rel=\"iLightbox[gallery_image_1]\" class=\"fusion-lightbox\" target=\"_self\"><img decoding=\"async\" src=\"https:\/\/pohistvopotocnik.si\/wp-content\/uploads\/2025\/06\/Hisa-L-2-6.webp\" data-orig-src=\"https:\/\/pohistvopotocnik.si\/wp-content\/uploads\/2025\/06\/Hisa-L-2-6.webp\" width=\"2560\" height=\"1707\" alt=\"\" title=\"Hisa L, 2 (6)\" aria-label=\"Hisa L, 2 (6)\" class=\"lazyload img-responsive wp-image-2415\" srcset=\"data:image\/svg+xml,%3Csvg%20xmlns%3D%27http%3A%2F%2Fwww.w3.org%2F2000%2Fsvg%27%20width%3D%272560%27%20height%3D%271707%27%20viewBox%3D%270%200%202560%201707%27%3E%3Crect%20width%3D%272560%27%20height%3D%271707%27%20fill-opacity%3D%220%22%2F%3E%3C%2Fsvg%3E\" data-srcset=\"https:\/\/pohistvopotocnik.si\/wp-content\/uploads\/2025\/06\/Hisa-L-2-6-200x133.webp 200w, https:\/\/pohistvopotocnik.si\/wp-content\/uploads\/2025\/06\/Hisa-L-2-6-300x200.webp 300w, https:\/\/pohistvopotocnik.si\/wp-content\/uploads\/2025\/06\/Hisa-L-2-6-400x267.webp 400w, https:\/\/pohistvopotocnik.si\/wp-content\/uploads\/2025\/06\/Hisa-L-2-6-600x400.webp 600w, https:\/\/pohistvopotocnik.si\/wp-content\/uploads\/2025\/06\/Hisa-L-2-6-768x512.webp 768w, https:\/\/pohistvopotocnik.si\/wp-content\/uploads\/2025\/06\/Hisa-L-2-6-800x533.webp 800w, https:\/\/pohistvopotocnik.si\/wp-content\/uploads\/2025\/06\/Hisa-L-2-6-1024x683.webp 1024w, https:\/\/pohistvopotocnik.si\/wp-content\/uploads\/2025\/06\/Hisa-L-2-6-1200x800.webp 1200w, https:\/\/pohistvopotocnik.si\/wp-content\/uploads\/2025\/06\/Hisa-L-2-6-1536x1024.webp 1536w, https:\/\/pohistvopotocnik.si\/wp-content\/uploads\/2025\/06\/Hisa-L-2-6.webp 2560w\" data-sizes=\"auto\" data-orig-sizes=\"(min-width: 2200px) 100vw, (min-width: 784px) 400px, (min-width: 712px) 600px, (min-width: 640px) 712px, \" \/><\/a><\/div><\/div><div style=\"padding:0px;\" class=\"fusion-grid-column fusion-gallery-column fusion-gallery-column-3 hover-type-zoomin\"><div class=\"fusion-gallery-image\"><a href=\"https:\/\/pohistvopotocnik.si\/wp-content\/uploads\/2025\/06\/Hisa-L-2-5.webp\" rel=\"noreferrer\" data-rel=\"iLightbox[gallery_image_1]\" class=\"fusion-lightbox\" target=\"_self\"><img decoding=\"async\" src=\"https:\/\/pohistvopotocnik.si\/wp-content\/uploads\/2025\/06\/Hisa-L-2-5.webp\" data-orig-src=\"https:\/\/pohistvopotocnik.si\/wp-content\/uploads\/2025\/06\/Hisa-L-2-5.webp\" width=\"2560\" height=\"1707\" alt=\"\" title=\"Hisa L, 2 (5)\" aria-label=\"Hisa L, 2 (5)\" class=\"lazyload img-responsive wp-image-2413\" srcset=\"data:image\/svg+xml,%3Csvg%20xmlns%3D%27http%3A%2F%2Fwww.w3.org%2F2000%2Fsvg%27%20width%3D%272560%27%20height%3D%271707%27%20viewBox%3D%270%200%202560%201707%27%3E%3Crect%20width%3D%272560%27%20height%3D%271707%27%20fill-opacity%3D%220%22%2F%3E%3C%2Fsvg%3E\" data-srcset=\"https:\/\/pohistvopotocnik.si\/wp-content\/uploads\/2025\/06\/Hisa-L-2-5-200x133.webp 200w, https:\/\/pohistvopotocnik.si\/wp-content\/uploads\/2025\/06\/Hisa-L-2-5-300x200.webp 300w, https:\/\/pohistvopotocnik.si\/wp-content\/uploads\/2025\/06\/Hisa-L-2-5-400x267.webp 400w, https:\/\/pohistvopotocnik.si\/wp-content\/uploads\/2025\/06\/Hisa-L-2-5-600x400.webp 600w, https:\/\/pohistvopotocnik.si\/wp-content\/uploads\/2025\/06\/Hisa-L-2-5-768x512.webp 768w, https:\/\/pohistvopotocnik.si\/wp-content\/uploads\/2025\/06\/Hisa-L-2-5-800x533.webp 800w, https:\/\/pohistvopotocnik.si\/wp-content\/uploads\/2025\/06\/Hisa-L-2-5-1024x683.webp 1024w, https:\/\/pohistvopotocnik.si\/wp-content\/uploads\/2025\/06\/Hisa-L-2-5-1200x800.webp 1200w, https:\/\/pohistvopotocnik.si\/wp-content\/uploads\/2025\/06\/Hisa-L-2-5-1536x1024.webp 1536w, https:\/\/pohistvopotocnik.si\/wp-content\/uploads\/2025\/06\/Hisa-L-2-5.webp 2560w\" data-sizes=\"auto\" data-orig-sizes=\"(min-width: 2200px) 100vw, (min-width: 784px) 400px, (min-width: 712px) 600px, (min-width: 640px) 712px, \" \/><\/a><\/div><\/div><div style=\"padding:0px;\" class=\"fusion-grid-column fusion-gallery-column fusion-gallery-column-3 hover-type-zoomin\"><div class=\"fusion-gallery-image\"><a href=\"https:\/\/pohistvopotocnik.si\/wp-content\/uploads\/2025\/06\/Hisa-L-2-4.webp\" rel=\"noreferrer\" data-rel=\"iLightbox[gallery_image_1]\" class=\"fusion-lightbox\" target=\"_self\"><img decoding=\"async\" src=\"https:\/\/pohistvopotocnik.si\/wp-content\/uploads\/2025\/06\/Hisa-L-2-4.webp\" data-orig-src=\"https:\/\/pohistvopotocnik.si\/wp-content\/uploads\/2025\/06\/Hisa-L-2-4.webp\" width=\"2560\" height=\"1707\" alt=\"\" title=\"Hisa L, 2 (4)\" aria-label=\"Hisa L, 2 (4)\" class=\"lazyload img-responsive wp-image-2411\" srcset=\"data:image\/svg+xml,%3Csvg%20xmlns%3D%27http%3A%2F%2Fwww.w3.org%2F2000%2Fsvg%27%20width%3D%272560%27%20height%3D%271707%27%20viewBox%3D%270%200%202560%201707%27%3E%3Crect%20width%3D%272560%27%20height%3D%271707%27%20fill-opacity%3D%220%22%2F%3E%3C%2Fsvg%3E\" data-srcset=\"https:\/\/pohistvopotocnik.si\/wp-content\/uploads\/2025\/06\/Hisa-L-2-4-200x133.webp 200w, https:\/\/pohistvopotocnik.si\/wp-content\/uploads\/2025\/06\/Hisa-L-2-4-300x200.webp 300w, https:\/\/pohistvopotocnik.si\/wp-content\/uploads\/2025\/06\/Hisa-L-2-4-400x267.webp 400w, https:\/\/pohistvopotocnik.si\/wp-content\/uploads\/2025\/06\/Hisa-L-2-4-600x400.webp 600w, https:\/\/pohistvopotocnik.si\/wp-content\/uploads\/2025\/06\/Hisa-L-2-4-768x512.webp 768w, https:\/\/pohistvopotocnik.si\/wp-content\/uploads\/2025\/06\/Hisa-L-2-4-800x533.webp 800w, https:\/\/pohistvopotocnik.si\/wp-content\/uploads\/2025\/06\/Hisa-L-2-4-1024x683.webp 1024w, https:\/\/pohistvopotocnik.si\/wp-content\/uploads\/2025\/06\/Hisa-L-2-4-1200x800.webp 1200w, https:\/\/pohistvopotocnik.si\/wp-content\/uploads\/2025\/06\/Hisa-L-2-4-1536x1024.webp 1536w, https:\/\/pohistvopotocnik.si\/wp-content\/uploads\/2025\/06\/Hisa-L-2-4.webp 2560w\" data-sizes=\"auto\" data-orig-sizes=\"(min-width: 2200px) 100vw, (min-width: 784px) 400px, (min-width: 712px) 600px, (min-width: 640px) 712px, \" \/><\/a><\/div><\/div><div class=\"clearfix\"><\/div><div style=\"padding:0px;\" class=\"fusion-grid-column fusion-gallery-column fusion-gallery-column-3 hover-type-zoomin\"><div class=\"fusion-gallery-image\"><a href=\"https:\/\/pohistvopotocnik.si\/wp-content\/uploads\/2025\/06\/Hisa-L-2-3-scaled.webp\" rel=\"noreferrer\" data-rel=\"iLightbox[gallery_image_1]\" class=\"fusion-lightbox\" target=\"_self\"><img decoding=\"async\" src=\"https:\/\/pohistvopotocnik.si\/wp-content\/uploads\/2025\/06\/Hisa-L-2-3-scaled.webp\" data-orig-src=\"https:\/\/pohistvopotocnik.si\/wp-content\/uploads\/2025\/06\/Hisa-L-2-3-scaled.webp\" width=\"1707\" height=\"2560\" alt=\"\" title=\"Hisa L, 2 (3)\" aria-label=\"Hisa L, 2 (3)\" class=\"lazyload img-responsive wp-image-2409\" srcset=\"data:image\/svg+xml,%3Csvg%20xmlns%3D%27http%3A%2F%2Fwww.w3.org%2F2000%2Fsvg%27%20width%3D%271707%27%20height%3D%272560%27%20viewBox%3D%270%200%201707%202560%27%3E%3Crect%20width%3D%271707%27%20height%3D%272560%27%20fill-opacity%3D%220%22%2F%3E%3C%2Fsvg%3E\" data-srcset=\"https:\/\/pohistvopotocnik.si\/wp-content\/uploads\/2025\/06\/Hisa-L-2-3-200x300.webp 200w, https:\/\/pohistvopotocnik.si\/wp-content\/uploads\/2025\/06\/Hisa-L-2-3-400x600.webp 400w, https:\/\/pohistvopotocnik.si\/wp-content\/uploads\/2025\/06\/Hisa-L-2-3-600x900.webp 600w, https:\/\/pohistvopotocnik.si\/wp-content\/uploads\/2025\/06\/Hisa-L-2-3-683x1024.webp 683w, https:\/\/pohistvopotocnik.si\/wp-content\/uploads\/2025\/06\/Hisa-L-2-3-768x1152.webp 768w, https:\/\/pohistvopotocnik.si\/wp-content\/uploads\/2025\/06\/Hisa-L-2-3-800x1200.webp 800w, https:\/\/pohistvopotocnik.si\/wp-content\/uploads\/2025\/06\/Hisa-L-2-3-1024x1536.webp 1024w, https:\/\/pohistvopotocnik.si\/wp-content\/uploads\/2025\/06\/Hisa-L-2-3-1200x1800.webp 1200w, https:\/\/pohistvopotocnik.si\/wp-content\/uploads\/2025\/06\/Hisa-L-2-3-1365x2048.webp 1365w, https:\/\/pohistvopotocnik.si\/wp-content\/uploads\/2025\/06\/Hisa-L-2-3-scaled.webp 1707w\" data-sizes=\"auto\" data-orig-sizes=\"(min-width: 2200px) 100vw, (min-width: 784px) 400px, (min-width: 712px) 600px, (min-width: 640px) 712px, \" \/><\/a><\/div><\/div><div style=\"padding:0px;\" class=\"fusion-grid-column fusion-gallery-column fusion-gallery-column-3 hover-type-zoomin\"><div class=\"fusion-gallery-image\"><a href=\"https:\/\/pohistvopotocnik.si\/wp-content\/uploads\/2025\/06\/Hisa-L-2-2-scaled.webp\" rel=\"noreferrer\" data-rel=\"iLightbox[gallery_image_1]\" class=\"fusion-lightbox\" target=\"_self\"><img decoding=\"async\" src=\"https:\/\/pohistvopotocnik.si\/wp-content\/uploads\/2025\/06\/Hisa-L-2-2-scaled.webp\" data-orig-src=\"https:\/\/pohistvopotocnik.si\/wp-content\/uploads\/2025\/06\/Hisa-L-2-2-scaled.webp\" width=\"1707\" height=\"2560\" alt=\"\" title=\"Hisa L, 2 (2)\" aria-label=\"Hisa L, 2 (2)\" class=\"lazyload img-responsive wp-image-2407\" srcset=\"data:image\/svg+xml,%3Csvg%20xmlns%3D%27http%3A%2F%2Fwww.w3.org%2F2000%2Fsvg%27%20width%3D%271707%27%20height%3D%272560%27%20viewBox%3D%270%200%201707%202560%27%3E%3Crect%20width%3D%271707%27%20height%3D%272560%27%20fill-opacity%3D%220%22%2F%3E%3C%2Fsvg%3E\" data-srcset=\"https:\/\/pohistvopotocnik.si\/wp-content\/uploads\/2025\/06\/Hisa-L-2-2-200x300.webp 200w, https:\/\/pohistvopotocnik.si\/wp-content\/uploads\/2025\/06\/Hisa-L-2-2-400x600.webp 400w, https:\/\/pohistvopotocnik.si\/wp-content\/uploads\/2025\/06\/Hisa-L-2-2-600x900.webp 600w, https:\/\/pohistvopotocnik.si\/wp-content\/uploads\/2025\/06\/Hisa-L-2-2-683x1024.webp 683w, https:\/\/pohistvopotocnik.si\/wp-content\/uploads\/2025\/06\/Hisa-L-2-2-768x1152.webp 768w, https:\/\/pohistvopotocnik.si\/wp-content\/uploads\/2025\/06\/Hisa-L-2-2-800x1200.webp 800w, https:\/\/pohistvopotocnik.si\/wp-content\/uploads\/2025\/06\/Hisa-L-2-2-1024x1536.webp 1024w, https:\/\/pohistvopotocnik.si\/wp-content\/uploads\/2025\/06\/Hisa-L-2-2-1200x1800.webp 1200w, https:\/\/pohistvopotocnik.si\/wp-content\/uploads\/2025\/06\/Hisa-L-2-2-1365x2048.webp 1365w, https:\/\/pohistvopotocnik.si\/wp-content\/uploads\/2025\/06\/Hisa-L-2-2-scaled.webp 1707w\" data-sizes=\"auto\" data-orig-sizes=\"(min-width: 2200px) 100vw, (min-width: 784px) 400px, (min-width: 712px) 600px, (min-width: 640px) 712px, \" \/><\/a><\/div><\/div><div style=\"padding:0px;\" class=\"fusion-grid-column fusion-gallery-column fusion-gallery-column-3 hover-type-zoomin\"><div class=\"fusion-gallery-image\"><a href=\"https:\/\/pohistvopotocnik.si\/wp-content\/uploads\/2025\/07\/Z-roko-v-roki-bela-in-oreh.webp\" rel=\"noreferrer\" data-rel=\"iLightbox[gallery_image_1]\" class=\"fusion-lightbox\" target=\"_self\"><img decoding=\"async\" src=\"https:\/\/pohistvopotocnik.si\/wp-content\/uploads\/2025\/07\/Z-roko-v-roki-bela-in-oreh.webp\" data-orig-src=\"https:\/\/pohistvopotocnik.si\/wp-content\/uploads\/2025\/07\/Z-roko-v-roki-bela-in-oreh.webp\" width=\"1200\" height=\"800\" alt=\"\" title=\"Z roko v roki bela in oreh\" aria-label=\"Z roko v roki bela in oreh\" class=\"lazyload img-responsive wp-image-2865\" srcset=\"data:image\/svg+xml,%3Csvg%20xmlns%3D%27http%3A%2F%2Fwww.w3.org%2F2000%2Fsvg%27%20width%3D%271200%27%20height%3D%27800%27%20viewBox%3D%270%200%201200%20800%27%3E%3Crect%20width%3D%271200%27%20height%3D%27800%27%20fill-opacity%3D%220%22%2F%3E%3C%2Fsvg%3E\" data-srcset=\"https:\/\/pohistvopotocnik.si\/wp-content\/uploads\/2025\/07\/Z-roko-v-roki-bela-in-oreh-200x133.webp 200w, https:\/\/pohistvopotocnik.si\/wp-content\/uploads\/2025\/07\/Z-roko-v-roki-bela-in-oreh-300x200.webp 300w, https:\/\/pohistvopotocnik.si\/wp-content\/uploads\/2025\/07\/Z-roko-v-roki-bela-in-oreh-400x267.webp 400w, https:\/\/pohistvopotocnik.si\/wp-content\/uploads\/2025\/07\/Z-roko-v-roki-bela-in-oreh-600x400.webp 600w, https:\/\/pohistvopotocnik.si\/wp-content\/uploads\/2025\/07\/Z-roko-v-roki-bela-in-oreh-768x512.webp 768w, https:\/\/pohistvopotocnik.si\/wp-content\/uploads\/2025\/07\/Z-roko-v-roki-bela-in-oreh-800x533.webp 800w, https:\/\/pohistvopotocnik.si\/wp-content\/uploads\/2025\/07\/Z-roko-v-roki-bela-in-oreh-1024x683.webp 1024w, https:\/\/pohistvopotocnik.si\/wp-content\/uploads\/2025\/07\/Z-roko-v-roki-bela-in-oreh.webp 1200w\" data-sizes=\"auto\" data-orig-sizes=\"(min-width: 2200px) 100vw, (min-width: 784px) 400px, (min-width: 712px) 600px, (min-width: 640px) 712px, \" \/><\/a><\/div><\/div><div class=\"clearfix\"><\/div><\/div><\/div><\/div><\/div><\/div><\/div><\/p>\n","protected":false},"excerpt":{"rendered":"","protected":false},"author":1,"featured_media":0,"parent":3078,"menu_order":0,"comment_status":"closed","ping_status":"closed","template":"100-width.php","meta":{"footnotes":""},"class_list":["post-3039","page","type-page","status-publish","hentry"],"_links":{"self":[{"href":"https:\/\/pohistvopotocnik.si\/de\/wp-json\/wp\/v2\/pages\/3039","targetHints":{"allow":["GET"]}}],"collection":[{"href":"https:\/\/pohistvopotocnik.si\/de\/wp-json\/wp\/v2\/pages"}],"about":[{"href":"https:\/\/pohistvopotocnik.si\/de\/wp-json\/wp\/v2\/types\/page"}],"author":[{"embeddable":true,"href":"https:\/\/pohistvopotocnik.si\/de\/wp-json\/wp\/v2\/users\/1"}],"replies":[{"embeddable":true,"href":"https:\/\/pohistvopotocnik.si\/de\/wp-json\/wp\/v2\/comments?post=3039"}],"version-history":[{"count":3,"href":"https:\/\/pohistvopotocnik.si\/de\/wp-json\/wp\/v2\/pages\/3039\/revisions"}],"predecessor-version":[{"id":3042,"href":"https:\/\/pohistvopotocnik.si\/de\/wp-json\/wp\/v2\/pages\/3039\/revisions\/3042"}],"up":[{"embeddable":true,"href":"https:\/\/pohistvopotocnik.si\/de\/wp-json\/wp\/v2\/pages\/3078"}],"wp:attachment":[{"href":"https:\/\/pohistvopotocnik.si\/de\/wp-json\/wp\/v2\/media?parent=3039"}],"curies":[{"name":"wp","href":"https:\/\/api.w.org\/{rel}","templated":true}]}}